{"id":104,"date":"2025-02-25T16:08:45","date_gmt":"2025-02-25T16:08:45","guid":{"rendered":"https:\/\/kanskompas.com\/?page_id=104"},"modified":"2025-03-19T11:14:28","modified_gmt":"2025-03-19T11:14:28","slug":"over-ons","status":"publish","type":"page","link":"https:\/\/kanskompas.com\/index.php\/over-ons\/","title":{"rendered":"over ons"},"content":{"rendered":"\t\t<div data-elementor-type=\"wp-page\" data-elementor-id=\"104\" class=\"elementor elementor-104\" data-elementor-post-type=\"page\">\n\t\t\t\t<div class=\"elementor-element elementor-element-c02e8bb e-flex e-con-boxed e-con e-parent\" data-id=\"c02e8bb\" data-element_type=\"container\" data-settings=\"{&quot;background_background&quot;:&quot;classic&quot;}\">\n\t\t\t\t\t<div class=\"e-con-inner\">\n\t\t<div class=\"elementor-element elementor-element-3b9f8ad e-con-full e-flex e-con e-child\" data-id=\"3b9f8ad\" data-element_type=\"container\">\n\t\t\t\t<div class=\"elementor-element elementor-element-cd586c6 elementor-widget elementor-widget-heading\" data-id=\"cd586c6\" data-element_type=\"widget\" data-widget_type=\"heading.default\">\n\t\t\t\t<div class=\"elementor-widget-container\">\n\t\t\t\t\t<h2 class=\"elementor-heading-title elementor-size-default\">Jeugdhulp waar\nonze jongeren centraal staan<\/h2>\t\t\t\t<\/div>\n\t\t\t\t<\/div>\n\t\t\t\t<\/div>\n\t\t<div class=\"elementor-element elementor-element-9120dcc e-con-full e-flex e-con e-child\" data-id=\"9120dcc\" data-element_type=\"container\">\n\t\t\t\t<div class=\"elementor-element elementor-element-721e7a5 elementor-widget elementor-widget-text-editor\" data-id=\"721e7a5\" data-element_type=\"widget\" data-widget_type=\"text-editor.default\">\n\t\t\t\t<div class=\"elementor-widget-container\">\n\t\t\t\t\t\t\t\t\t<p class=\"p1\">Bij KansKompas geloven we dat elk multicultureel jong talent het verdient om zijn of haar volledige potentieel te bereiken en een betekenisvolle plek in de samenleving te vinden. We zijn ervan overtuigd dat wanneer deze jongeren hun unieke vaardigheden en perspectieven kunnen inzetten, dit niet alleen henzelf, maar de hele maatschappij verrijkt. Door kansenongelijkheid op de arbeidsmarkt te doorbreken, streven we naar een toekomst waarin diversiteit wordt omarmd en iedereen gelijke kansen krijgt om bij te dragen.<\/p><p class=\"p1\">We empoweren multiculturele jongeren door hen te voorzien van de tools, vaardigheden en netwerkmogelijkheden die ze nodig hebben om hun loopbaan zelf vorm te geven. Door te focussen op participatie, zingeving, emancipatie en eigenaarschap, bieden we op maat gemaakte coaching, trainingen en een online platform met waardevolle informatie en hulpmiddelen. Zo helpen we hen om met zelfvertrouwen betekenisvol werk te vinden dat aansluit bij hun waarden en ambities.<\/p><p class=\"p1\">KansKompas biedt coaching trajecten, inspirerende workshops en netwerkbijeenkomsten die speciaal zijn ontworpen voor multiculturele jonge professionals. We cre\u00ebren bruggen tussen talent en inclusieve werkgevers, faciliteren traineeships en bieden een platform waar jongeren hun netwerk kunnen uitbreiden en hun professionele doelen kunnen realiseren.<\/p>\t\t\t\t\t\t\t\t<\/div>\n\t\t\t\t<\/div>\n\t\t\t\t<\/div>\n\t\t\t\t\t<\/div>\n\t\t\t\t<\/div>\n\t\t<div class=\"elementor-element elementor-element-64df45d e-flex e-con-boxed e-con e-parent\" data-id=\"64df45d\" data-element_type=\"container\" data-settings=\"{&quot;background_background&quot;:&quot;classic&quot;}\">\n\t\t\t\t\t<div class=\"e-con-inner\">\n\t\t<div class=\"elementor-element elementor-element-422a408 e-con-full e-flex e-con e-child\" data-id=\"422a408\" data-element_type=\"container\">\n\t\t\t\t<div class=\"elementor-element elementor-element-5e419cf elementor-widget elementor-widget-heading\" data-id=\"5e419cf\" data-element_type=\"widget\" data-widget_type=\"heading.default\">\n\t\t\t\t<div class=\"elementor-widget-container\">\n\t\t\t\t\t<h2 class=\"elementor-heading-title elementor-size-default\">onze<br>missie<\/h2>\t\t\t\t<\/div>\n\t\t\t\t<\/div>\n\t\t\t\t<div class=\"elementor-element elementor-element-b473492 elementor-widget elementor-widget-text-editor\" data-id=\"b473492\" data-element_type=\"widget\" data-widget_type=\"text-editor.default\">\n\t\t\t\t<div class=\"elementor-widget-container\">\n\t\t\t\t\t\t\t\t\t<p class=\"p1\">Jong multicultureel Nederland inspireren om zichzelf doormiddel van hun loopbaan te emanciperen en hen daarbij te begeleiden, door zelf kansen te cre\u00ebren en benutten.<\/p>\t\t\t\t\t\t\t\t<\/div>\n\t\t\t\t<\/div>\n\t\t\t\t<\/div>\n\t\t<div class=\"elementor-element elementor-element-3196825 e-con-full e-flex e-con e-child\" data-id=\"3196825\" data-element_type=\"container\">\n\t\t\t\t<div class=\"elementor-element elementor-element-badd432 elementor-widget elementor-widget-heading\" data-id=\"badd432\" data-element_type=\"widget\" data-widget_type=\"heading.default\">\n\t\t\t\t<div class=\"elementor-widget-container\">\n\t\t\t\t\t<h2 class=\"elementor-heading-title elementor-size-default\">onze<br>visie<\/h2>\t\t\t\t<\/div>\n\t\t\t\t<\/div>\n\t\t\t\t<div class=\"elementor-element elementor-element-271d709 elementor-widget elementor-widget-text-editor\" data-id=\"271d709\" data-element_type=\"widget\" data-widget_type=\"text-editor.default\">\n\t\t\t\t<div class=\"elementor-widget-container\">\n\t\t\t\t\t\t\t\t\t<p class=\"p1\">Met KansKompas wil ik in de komende jaren een toon aangevend sociale onderneming worden in Noord-Brabant, die zich bezigt met arbeidsadvies, trainingsprogramma\u2019s voor multiculturele Nederlanders en bruggen bouwt tussen werkgevers.<\/p>\t\t\t\t\t\t\t\t<\/div>\n\t\t\t\t<\/div>\n\t\t\t\t<\/div>\n\t\t\t\t\t<\/div>\n\t\t\t\t<\/div>\n\t\t<div class=\"elementor-element elementor-element-abe8c9d e-flex e-con-boxed e-con e-parent\" data-id=\"abe8c9d\" data-element_type=\"container\" data-settings=\"{&quot;background_background&quot;:&quot;classic&quot;}\">\n\t\t\t\t\t<div class=\"e-con-inner\">\n\t\t<div class=\"elementor-element elementor-element-c76b0df e-con-full e-flex e-con e-child\" data-id=\"c76b0df\" data-element_type=\"container\">\n\t\t\t\t<div class=\"elementor-element elementor-element-912339f elementor-widget elementor-widget-heading\" data-id=\"912339f\" data-element_type=\"widget\" data-widget_type=\"heading.default\">\n\t\t\t\t<div class=\"elementor-widget-container\">\n\t\t\t\t\t<h2 class=\"elementor-heading-title elementor-size-default\">doelgroep<\/h2>\t\t\t\t<\/div>\n\t\t\t\t<\/div>\n\t\t\t\t<div class=\"elementor-element elementor-element-253babe elementor-widget elementor-widget-spacer\" data-id=\"253babe\" data-element_type=\"widget\" data-widget_type=\"spacer.default\">\n\t\t\t\t<div class=\"elementor-widget-container\">\n\t\t\t\t\t\t\t<div class=\"elementor-spacer\">\n\t\t\t<div class=\"elementor-spacer-inner\"><\/div>\n\t\t<\/div>\n\t\t\t\t\t\t<\/div>\n\t\t\t\t<\/div>\n\t\t\t\t<div class=\"elementor-element elementor-element-de3f47c elementor-widget elementor-widget-text-editor\" data-id=\"de3f47c\" data-element_type=\"widget\" data-widget_type=\"text-editor.default\">\n\t\t\t\t<div class=\"elementor-widget-container\">\n\t\t\t\t\t\t\t\t\t<p class=\"p1\">Multiculturele jonge professionals (18-35 jaar), met een MBO, HBO of WO-achtergrond, woonachting in Noord-Brabant, met name Eindhoven, Tilburg en Den Bosch. De doelgroep is ambitieus en richt zich op persoonlijke groei en zingeving. De doelgroep deze combinatie van waarden door zich in de arbeidsmarkt in te zetten en zich daarin te onderscheiden, maar loopt tegelijkertijd tegen (zelf ge\u00efnduceerde) culturele barri\u00e8res aan. Ze hebben het gevoel met \u00e9\u00e9n-nul achter te staan. Zij hebben verschillende behoeften; ge\u00efnspireerd te worden door rolmodellen, toegang tot vruchtbare netwerken, ondersteuning bij loopbaanontwikkeling.<\/p>\t\t\t\t\t\t\t\t<\/div>\n\t\t\t\t<\/div>\n\t\t\t\t<div class=\"elementor-element elementor-element-090f2a9 elementor-widget elementor-widget-spacer\" data-id=\"090f2a9\" data-element_type=\"widget\" data-widget_type=\"spacer.default\">\n\t\t\t\t<div class=\"elementor-widget-container\">\n\t\t\t\t\t\t\t<div class=\"elementor-spacer\">\n\t\t\t<div class=\"elementor-spacer-inner\"><\/div>\n\t\t<\/div>\n\t\t\t\t\t\t<\/div>\n\t\t\t\t<\/div>\n\t\t\t\t<div class=\"elementor-element elementor-element-c2bf569 elementor-align-left elementor-widget elementor-widget-button\" data-id=\"c2bf569\" data-element_type=\"widget\" data-widget_type=\"button.default\">\n\t\t\t\t<div class=\"elementor-widget-container\">\n\t\t\t\t\t\t\t\t\t<div class=\"elementor-button-wrapper\">\n\t\t\t\t\t<a class=\"elementor-button elementor-button-link elementor-size-sm\" href=\"#\">\n\t\t\t\t\t\t<span class=\"elementor-button-content-wrapper\">\n\t\t\t\t\t\t\t\t\t<span class=\"elementor-button-text\">bekijk alle diensten<\/span>\n\t\t\t\t\t<\/span>\n\t\t\t\t\t<\/a>\n\t\t\t\t<\/div>\n\t\t\t\t\t\t\t\t<\/div>\n\t\t\t\t<\/div>\n\t\t\t\t<\/div>\n\t\t\t\t\t<\/div>\n\t\t\t\t<\/div>\n\t\t<div class=\"elementor-element elementor-element-3bccfe3 e-con-full e-flex e-con e-parent\" data-id=\"3bccfe3\" data-element_type=\"container\" data-settings=\"{&quot;background_background&quot;:&quot;classic&quot;}\">\n\t\t\t\t<div class=\"elementor-element elementor-element-926c6ed elementor-widget elementor-widget-heading\" data-id=\"926c6ed\" data-element_type=\"widget\" data-widget_type=\"heading.default\">\n\t\t\t\t<div class=\"elementor-widget-container\">\n\t\t\t\t\t<h2 class=\"elementor-heading-title elementor-size-default\">\u201cHeb vertrouwen in de jongeren, geef ze een kans<br> en ze zullen je verrassen\u201d<\/h2>\t\t\t\t<\/div>\n\t\t\t\t<\/div>\n\t\t\t\t<div class=\"elementor-element elementor-element-35cda33 elementor-widget elementor-widget-heading\" data-id=\"35cda33\" data-element_type=\"widget\" data-widget_type=\"heading.default\">\n\t\t\t\t<div class=\"elementor-widget-container\">\n\t\t\t\t\t<h2 class=\"elementor-heading-title elementor-size-default\">- Kofi Annan<\/h2>\t\t\t\t<\/div>\n\t\t\t\t<\/div>\n\t\t\t\t<\/div>\n\t\t<div class=\"elementor-element elementor-element-056a627 e-flex e-con-boxed e-con e-parent\" data-id=\"056a627\" data-element_type=\"container\" data-settings=\"{&quot;background_background&quot;:&quot;classic&quot;}\">\n\t\t\t\t\t<div class=\"e-con-inner\">\n\t\t<div class=\"elementor-element elementor-element-65a045f e-con-full e-flex e-con e-child\" data-id=\"65a045f\" data-element_type=\"container\">\n\t\t\t\t<div class=\"elementor-element elementor-element-dc24c37 elementor-widget elementor-widget-heading\" data-id=\"dc24c37\" data-element_type=\"widget\" data-widget_type=\"heading.default\">\n\t\t\t\t<div class=\"elementor-widget-container\">\n\t\t\t\t\t<h2 class=\"elementor-heading-title elementor-size-default\">verhalen van onze jongeren<\/h2>\t\t\t\t<\/div>\n\t\t\t\t<\/div>\n\t\t\t\t<div class=\"elementor-element elementor-element-facabe8 elementor-widget elementor-widget-spacer\" data-id=\"facabe8\" data-element_type=\"widget\" data-widget_type=\"spacer.default\">\n\t\t\t\t<div class=\"elementor-widget-container\">\n\t\t\t\t\t\t\t<div class=\"elementor-spacer\">\n\t\t\t<div class=\"elementor-spacer-inner\"><\/div>\n\t\t<\/div>\n\t\t\t\t\t\t<\/div>\n\t\t\t\t<\/div>\n\t\t\t\t<div class=\"elementor-element elementor-element-740c64a elementor-widget elementor-widget-text-editor\" data-id=\"740c64a\" data-element_type=\"widget\" data-widget_type=\"text-editor.default\">\n\t\t\t\t<div class=\"elementor-widget-container\">\n\t\t\t\t\t\t\t\t\t<p>Als jeugdcoach staan wij naast onze jongeren. Wij gaan voor persoonlijke groei, het optimaal benutten van kansen \u00f3f cre\u00ebren nieuwe kansen. De verhalen van onze jongeren delen we graag.<\/p>\t\t\t\t\t\t\t\t<\/div>\n\t\t\t\t<\/div>\n\t\t\t\t<div class=\"elementor-element elementor-element-bfc6286 elementor-widget elementor-widget-spacer\" data-id=\"bfc6286\" data-element_type=\"widget\" data-widget_type=\"spacer.default\">\n\t\t\t\t<div class=\"elementor-widget-container\">\n\t\t\t\t\t\t\t<div class=\"elementor-spacer\">\n\t\t\t<div class=\"elementor-spacer-inner\"><\/div>\n\t\t<\/div>\n\t\t\t\t\t\t<\/div>\n\t\t\t\t<\/div>\n\t\t\t\t<div class=\"elementor-element elementor-element-f97e106 elementor-align-left elementor-widget elementor-widget-button\" data-id=\"f97e106\" data-element_type=\"widget\" data-widget_type=\"button.default\">\n\t\t\t\t<div class=\"elementor-widget-container\">\n\t\t\t\t\t\t\t\t\t<div class=\"elementor-button-wrapper\">\n\t\t\t\t\t<a class=\"elementor-button elementor-button-link elementor-size-sm\" href=\"#\">\n\t\t\t\t\t\t<span class=\"elementor-button-content-wrapper\">\n\t\t\t\t\t\t\t\t\t<span class=\"elementor-button-text\">lees alle verhalen<\/span>\n\t\t\t\t\t<\/span>\n\t\t\t\t\t<\/a>\n\t\t\t\t<\/div>\n\t\t\t\t\t\t\t\t<\/div>\n\t\t\t\t<\/div>\n\t\t\t\t<\/div>\n\t\t<div class=\"elementor-element elementor-element-32161de e-con-full e-flex e-con e-child\" data-id=\"32161de\" data-element_type=\"container\">\n\t\t<div class=\"elementor-element elementor-element-fd1a2a1 e-grid e-con-full e-con e-child\" data-id=\"fd1a2a1\" data-element_type=\"container\">\n\t\t\t\t<div class=\"elementor-element elementor-element-e54dfdd elementor-widget elementor-widget-image\" data-id=\"e54dfdd\" data-element_type=\"widget\" data-widget_type=\"image.default\">\n\t\t\t\t<div class=\"elementor-widget-container\">\n\t\t\t\t\t\t\t\t\t\t\t\t\t\t\t<img fetchpriority=\"high\" decoding=\"async\" width=\"800\" height=\"600\" src=\"https:\/\/kanskompas.com\/wp-content\/uploads\/2025\/02\/brad-neathery-XrSzacdYbtQ-unsplash-1024x768.jpg\" class=\"attachment-large size-large wp-image-106\" alt=\"\" srcset=\"https:\/\/kanskompas.com\/wp-content\/uploads\/2025\/02\/brad-neathery-XrSzacdYbtQ-unsplash-1024x768.jpg 1024w, https:\/\/kanskompas.com\/wp-content\/uploads\/2025\/02\/brad-neathery-XrSzacdYbtQ-unsplash-300x225.jpg 300w, https:\/\/kanskompas.com\/wp-content\/uploads\/2025\/02\/brad-neathery-XrSzacdYbtQ-unsplash-768x576.jpg 768w, https:\/\/kanskompas.com\/wp-content\/uploads\/2025\/02\/brad-neathery-XrSzacdYbtQ-unsplash.jpg 1440w\" sizes=\"(max-width: 800px) 100vw, 800px\" \/>\t\t\t\t\t\t\t\t\t\t\t\t\t\t\t<\/div>\n\t\t\t\t<\/div>\n\t\t<div class=\"elementor-element elementor-element-c1c86ad e-con-full e-flex e-con e-child\" data-id=\"c1c86ad\" data-element_type=\"container\" data-settings=\"{&quot;background_background&quot;:&quot;classic&quot;}\">\n\t\t\t\t<div class=\"elementor-element elementor-element-13f5773 elementor-widget elementor-widget-heading\" data-id=\"13f5773\" data-element_type=\"widget\" data-widget_type=\"heading.default\">\n\t\t\t\t<div class=\"elementor-widget-container\">\n\t\t\t\t\t<h2 class=\"elementor-heading-title elementor-size-default\">Maikel<\/h2>\t\t\t\t<\/div>\n\t\t\t\t<\/div>\n\t\t\t\t<div class=\"elementor-element elementor-element-7d3221b elementor-widget elementor-widget-spacer\" data-id=\"7d3221b\" data-element_type=\"widget\" data-widget_type=\"spacer.default\">\n\t\t\t\t<div class=\"elementor-widget-container\">\n\t\t\t\t\t\t\t<div class=\"elementor-spacer\">\n\t\t\t<div class=\"elementor-spacer-inner\"><\/div>\n\t\t<\/div>\n\t\t\t\t\t\t<\/div>\n\t\t\t\t<\/div>\n\t\t\t\t<div class=\"elementor-element elementor-element-62a7fe9 elementor-widget elementor-widget-heading\" data-id=\"62a7fe9\" data-element_type=\"widget\" data-widget_type=\"heading.default\">\n\t\t\t\t<div class=\"elementor-widget-container\">\n\t\t\t\t\t<h2 class=\"elementor-heading-title elementor-size-default\">14 jaar<\/h2>\t\t\t\t<\/div>\n\t\t\t\t<\/div>\n\t\t\t\t<div class=\"elementor-element elementor-element-157729e elementor-widget elementor-widget-spacer\" data-id=\"157729e\" data-element_type=\"widget\" data-widget_type=\"spacer.default\">\n\t\t\t\t<div class=\"elementor-widget-container\">\n\t\t\t\t\t\t\t<div class=\"elementor-spacer\">\n\t\t\t<div class=\"elementor-spacer-inner\"><\/div>\n\t\t<\/div>\n\t\t\t\t\t\t<\/div>\n\t\t\t\t<\/div>\n\t\t\t\t<div class=\"elementor-element elementor-element-9aa1447 elementor-widget elementor-widget-text-editor\" data-id=\"9aa1447\" data-element_type=\"widget\" data-widget_type=\"text-editor.default\">\n\t\t\t\t<div class=\"elementor-widget-container\">\n\t\t\t\t\t\t\t\t\t<p>\u201cMijn naam is Nico, ik ben 17 jaar oud en ben geboren en wonend in Eindhoven. Ik ben opgegroeid met veel problemen op school en in mijn omgeving, hierdoor heb ik het af en toe heel lastig gemaakt voor mijzelf. Toen ik 14 jaar was begon ik met kruimeldief stallen en begon ik al met kleine criminele praktijken, hierdoor had ik al snel te maken met jeugdzorg, Wijeindhoven en andere instanties. Door deze instanties heb ik veel geleerd, echter zijn mijn criminele activiteiten niet verminderd en bleef ik maar de verkeerde keuzes maken, ik had alleen maar oog voor snel geld en dacht dat dit het makkelijkst was.\u201d<\/p>\t\t\t\t\t\t\t\t<\/div>\n\t\t\t\t<\/div>\n\t\t\t\t<div class=\"elementor-element elementor-element-ad45bfe elementor-widget elementor-widget-heading\" data-id=\"ad45bfe\" data-element_type=\"widget\" data-widget_type=\"heading.default\">\n\t\t\t\t<div class=\"elementor-widget-container\">\n\t\t\t\t\t<h2 class=\"elementor-heading-title elementor-size-default\">lees meer &gt;<\/h2>\t\t\t\t<\/div>\n\t\t\t\t<\/div>\n\t\t\t\t<\/div>\n\t\t\t\t<\/div>\n\t\t\t\t<\/div>\n\t\t<div class=\"elementor-element elementor-element-1f5c8b6 e-con-full e-flex e-con e-child\" data-id=\"1f5c8b6\" data-element_type=\"container\">\n\t\t\t\t<div class=\"elementor-element elementor-element-4a8f972 elementor-widget elementor-widget-image\" data-id=\"4a8f972\" data-element_type=\"widget\" data-widget_type=\"image.default\">\n\t\t\t\t<div class=\"elementor-widget-container\">\n\t\t\t\t\t\t\t\t\t\t\t\t\t\t\t<img fetchpriority=\"high\" decoding=\"async\" width=\"800\" height=\"600\" src=\"https:\/\/kanskompas.com\/wp-content\/uploads\/2025\/02\/brad-neathery-XrSzacdYbtQ-unsplash-1024x768.jpg\" class=\"attachment-large size-large wp-image-106\" alt=\"\" srcset=\"https:\/\/kanskompas.com\/wp-content\/uploads\/2025\/02\/brad-neathery-XrSzacdYbtQ-unsplash-1024x768.jpg 1024w, https:\/\/kanskompas.com\/wp-content\/uploads\/2025\/02\/brad-neathery-XrSzacdYbtQ-unsplash-300x225.jpg 300w, https:\/\/kanskompas.com\/wp-content\/uploads\/2025\/02\/brad-neathery-XrSzacdYbtQ-unsplash-768x576.jpg 768w, https:\/\/kanskompas.com\/wp-content\/uploads\/2025\/02\/brad-neathery-XrSzacdYbtQ-unsplash.jpg 1440w\" sizes=\"(max-width: 800px) 100vw, 800px\" \/>\t\t\t\t\t\t\t\t\t\t\t\t\t\t\t<\/div>\n\t\t\t\t<\/div>\n\t\t<div class=\"elementor-element elementor-element-ab231df e-con-full e-flex e-con e-child\" data-id=\"ab231df\" data-element_type=\"container\" data-settings=\"{&quot;background_background&quot;:&quot;classic&quot;}\">\n\t\t\t\t<div class=\"elementor-element elementor-element-f735884 elementor-widget elementor-widget-heading\" data-id=\"f735884\" data-element_type=\"widget\" data-widget_type=\"heading.default\">\n\t\t\t\t<div class=\"elementor-widget-container\">\n\t\t\t\t\t<h2 class=\"elementor-heading-title elementor-size-default\">Nicole<\/h2>\t\t\t\t<\/div>\n\t\t\t\t<\/div>\n\t\t\t\t<div class=\"elementor-element elementor-element-4e81758 elementor-widget elementor-widget-spacer\" data-id=\"4e81758\" data-element_type=\"widget\" data-widget_type=\"spacer.default\">\n\t\t\t\t<div class=\"elementor-widget-container\">\n\t\t\t\t\t\t\t<div class=\"elementor-spacer\">\n\t\t\t<div class=\"elementor-spacer-inner\"><\/div>\n\t\t<\/div>\n\t\t\t\t\t\t<\/div>\n\t\t\t\t<\/div>\n\t\t\t\t<div class=\"elementor-element elementor-element-00a2b3e elementor-widget elementor-widget-heading\" data-id=\"00a2b3e\" data-element_type=\"widget\" data-widget_type=\"heading.default\">\n\t\t\t\t<div class=\"elementor-widget-container\">\n\t\t\t\t\t<h2 class=\"elementor-heading-title elementor-size-default\">14 jaar<\/h2>\t\t\t\t<\/div>\n\t\t\t\t<\/div>\n\t\t\t\t<div class=\"elementor-element elementor-element-4e30bdf elementor-widget elementor-widget-spacer\" data-id=\"4e30bdf\" data-element_type=\"widget\" data-widget_type=\"spacer.default\">\n\t\t\t\t<div class=\"elementor-widget-container\">\n\t\t\t\t\t\t\t<div class=\"elementor-spacer\">\n\t\t\t<div class=\"elementor-spacer-inner\"><\/div>\n\t\t<\/div>\n\t\t\t\t\t\t<\/div>\n\t\t\t\t<\/div>\n\t\t\t\t<div class=\"elementor-element elementor-element-5ea495a elementor-widget elementor-widget-text-editor\" data-id=\"5ea495a\" data-element_type=\"widget\" data-widget_type=\"text-editor.default\">\n\t\t\t\t<div class=\"elementor-widget-container\">\n\t\t\t\t\t\t\t\t\t<p>\u201cMijn naam is Nico, ik ben 17 jaar oud en ben geboren en wonend in Eindhoven. Ik ben opgegroeid met veel problemen op school en in mijn omgeving, hierdoor heb ik het af en toe heel lastig gemaakt voor mijzelf. Toen ik 14 jaar was begon ik met kruimeldief stallen en begon ik al met kleine criminele praktijken, hierdoor had ik al snel te maken met jeugdzorg, Wijeindhoven en andere instanties. Door deze instanties heb ik veel geleerd, echter zijn mijn criminele activiteiten niet verminderd en bleef ik maar de verkeerde keuzes maken, ik had alleen maar oog voor snel geld en dacht dat dit het makkelijkst was.\u201d<\/p>\t\t\t\t\t\t\t\t<\/div>\n\t\t\t\t<\/div>\n\t\t\t\t<div class=\"elementor-element elementor-element-d3dc30f elementor-widget elementor-widget-heading\" data-id=\"d3dc30f\" data-element_type=\"widget\" data-widget_type=\"heading.default\">\n\t\t\t\t<div class=\"elementor-widget-container\">\n\t\t\t\t\t<h2 class=\"elementor-heading-title elementor-size-default\">lees meer &gt;<\/h2>\t\t\t\t<\/div>\n\t\t\t\t<\/div>\n\t\t\t\t<\/div>\n\t\t\t\t<\/div>\n\t\t\t\t\t<\/div>\n\t\t\t\t<\/div>\n\t\t\t\t<\/div>\n\t\t","protected":false},"excerpt":{"rendered":"<p>Jeugdhulp waar onze jongeren centraal staan Bij KansKompas geloven we dat elk multicultureel jong talent het verdient om zijn of haar volledige potentieel te bereiken en een betekenisvolle plek in de samenleving te vinden. We zijn ervan overtuigd dat wanneer deze jongeren hun unieke vaardigheden en perspectieven kunnen inzetten, dit niet alleen henzelf, maar de [&hellip;]<\/p>\n","protected":false},"author":1,"featured_media":0,"parent":0,"menu_order":0,"comment_status":"closed","ping_status":"closed","template":"elementor_header_footer","meta":{"footnotes":""},"class_list":["post-104","page","type-page","status-publish","hentry"],"_links":{"self":[{"href":"https:\/\/kanskompas.com\/index.php\/wp-json\/wp\/v2\/pages\/104","targetHints":{"allow":["GET"]}}],"collection":[{"href":"https:\/\/kanskompas.com\/index.php\/wp-json\/wp\/v2\/pages"}],"about":[{"href":"https:\/\/kanskompas.com\/index.php\/wp-json\/wp\/v2\/types\/page"}],"author":[{"embeddable":true,"href":"https:\/\/kanskompas.com\/index.php\/wp-json\/wp\/v2\/users\/1"}],"replies":[{"embeddable":true,"href":"https:\/\/kanskompas.com\/index.php\/wp-json\/wp\/v2\/comments?post=104"}],"version-history":[{"count":13,"href":"https:\/\/kanskompas.com\/index.php\/wp-json\/wp\/v2\/pages\/104\/revisions"}],"predecessor-version":[{"id":165,"href":"https:\/\/kanskompas.com\/index.php\/wp-json\/wp\/v2\/pages\/104\/revisions\/165"}],"wp:attachment":[{"href":"https:\/\/kanskompas.com\/index.php\/wp-json\/wp\/v2\/media?parent=104"}],"curies":[{"name":"wp","href":"https:\/\/api.w.org\/{rel}","templated":true}]}}